{"id":1377,"date":"2024-02-16T10:57:31","date_gmt":"2024-02-16T09:57:31","guid":{"rendered":"http:\/\/neu.wattenloeper.de\/legal-notice\/"},"modified":"2025-01-31T10:22:03","modified_gmt":"2025-01-31T09:22:03","slug":"legal-notice","status":"publish","type":"page","link":"https:\/\/wattenloeper.de\/en\/legal-notice\/","title":{"rendered":"Legal notice"},"content":{"rendered":"<section class=\"l-section wpb_row height_auto\"><div class=\"l-section-h i-cf\"><div class=\"g-cols vc_row via_flex valign_top type_default stacking_default\"><div class=\"vc_col-sm-12 wpb_column vc_column_container\"><div class=\"vc_column-inner us_custom_27b8e626\"><div class=\"wpb_wrapper\"><div class=\"g-cols wpb_row us_custom_ac165106 via_flex valign_middle type_default stacking_default\"><div class=\"vc_col-sm-12 wpb_column vc_column_container has_bg_color\"><div class=\"vc_column-inner us_custom_30a160a4\"><div class=\"wpb_wrapper\"><h1 class=\"w-text\"><span class=\"w-text-h\"><span class=\"w-text-value\">Legal notice<\/span><\/span><\/h1><div class=\"w-separator size_small\"><\/div><div class=\"wpb_text_column\"><div class=\"wpb_wrapper\"><p>Dirk Br\u00fctt<br \/>\nFerienanlage Wattenl\u00f6per<br \/>\nCuxhavener Stra\u00dfe 57<br \/>\n27476 Cuxhaven<\/p>\n<h2>Contact<\/h2>\n<p>Phone: 0 47 21 \/ 42 60 51<br \/>\nTelefax: 0 47 21 42 60 52<br \/>\nE-mail: info@wattenloeper.de<\/p>\n<h2>EU dispute resolution<\/h2>\n<p>The European Commission provides a platform for online dispute resolution (ODR): <a href=\"https:\/\/ec.europa.eu\/consumers\/odr\/\" target=\"_blank\" rel=\"noopener noreferrer\">https:\/\/ec.europa.eu\/consumers\/odr\/<\/a>.<br \/>\nOur e-mail address can be found above in the site notice.<\/p>\n<h2>Dispute resolution proceedings in front of a consumer arbitration board<\/h2>\n<p>We are not willing or obliged to participate in dispute resolution proceedings in front of a consumer arbitration board.<\/p>\n<h2>Website design &amp; realization<\/h2>\n<p><a title=\"Elbnetz GmbH, the WordPress agency from Hamburg\" href=\"https:\/\/elbnetz.com\/\" target=\"_blank\" rel=\"noopener\">Elbnetz GmbH, the WordPress agency from Hamburg<\/a><\/p>\n<\/div><\/div><div class=\"w-separator size_huge\"><\/div><div class=\"wpb_text_column\"><div class=\"wpb_wrapper\"><h2>Credits<\/h2>\n<p>The copyright holder of all images used on this website is Ferienanlage Wattenl\u00f6per with the exception of the following images:<\/p>\n<ul>\n<li>Foto von <a href=\"https:\/\/unsplash.com\/de\/@waldemarbrandt67w?utm_content=creditCopyText&amp;utm_medium=referral&amp;utm_source=unsplash\" target=\"_blank\" rel=\"noopener\">Waldemar<\/a> auf <a href=\"https:\/\/unsplash.com\/de\/fotos\/eine-reihe-von-liegestuhlen-die-auf-einem-sandstrand-sitzen-DC4ZWh89lCg?utm_content=creditCopyText&amp;utm_medium=referral&amp;utm_source=unsplash\" target=\"_blank\" rel=\"noopener\">Unsplash<\/a>: Strandk\u00f6rbe an der Nordsee<\/li>\n<li>Bild von <a href=\"https:\/\/pixabay.com\/de\/users\/joergklumpp-8611271\/?utm_source=link-attribution&amp;utm_medium=referral&amp;utm_campaign=image&amp;utm_content=6463171\" target=\"_blank\" rel=\"noopener\">J\u00f6rg Klumpp<\/a> auf <a href=\"https:\/\/pixabay.com\/de\/\/?utm_source=link-attribution&amp;utm_medium=referral&amp;utm_campaign=image&amp;utm_content=6463171\" target=\"_blank\" rel=\"noopener\">Pixabay<\/a>: Schiffe im Sonnenuntergang<\/li>\n<li>Bild von <a href=\"https:\/\/pixabay.com\/de\/users\/ln_photoart-2780243\/?utm_source=link-attribution&amp;utm_medium=referral&amp;utm_campaign=image&amp;utm_content=3684433\" target=\"_blank\" rel=\"noopener\">Lars Nissen<\/a> auf <a href=\"https:\/\/pixabay.com\/de\/\/?utm_source=link-attribution&amp;utm_medium=referral&amp;utm_campaign=image&amp;utm_content=3684433\" target=\"_blank\" rel=\"noopener\">Pixabay<\/a>: Sonnenuntergang von den D\u00fchnen aus<\/li>\n<li>Foto von jule auf <a href=\"https:\/\/www.pexels.com\/de-de\/foto\/frau-die-blaue-jeansjacke-tragt-die-den-strand-betrachtet-772288\/\" target=\"_blank\" rel=\"noopener\">Pexels<\/a>: Frau mit Zopf im Sonnenuntergang<\/li>\n<li><span>Foto von Mark Coenraads auf <a href=\"https:\/\/www.pexels.com\/de-de\/foto\/schwarzer-labrador-retriever-auf-gras-13292638\/\" target=\"_blank\" rel=\"noopener\">Pexels<\/a>: Schwarzer Labrador\u00a0<\/span><\/li>\n<li><span>Foto von Joerg Mangelsen auf <a href=\"https:\/\/www.pexels.com\/de-de\/foto\/meer-strand-sand-hund-18912086\/\" target=\"_blank\" rel=\"noopener\">Pexels<\/a>: Hund rennt \u00fcber den Strand<\/span><\/li>\n<li>Foto von <a href=\"https:\/\/unsplash.com\/de\/@frankiefoto?utm_content=creditCopyText&amp;utm_medium=referral&amp;utm_source=unsplash\" target=\"_blank\" rel=\"noopener\">frank mckenna<\/a> auf <a href=\"https:\/\/unsplash.com\/de\/fotos\/five-birds-flying-on-the-sea-OD9EOzfSOh0?utm_content=creditCopyText&amp;utm_medium=referral&amp;utm_source=unsplash\" target=\"_blank\" rel=\"noopener\">Unsplash<\/a>: 5 V\u00f6gel fliegen \u00fcber den Strand im Sonnenuntergang<\/li>\n<li>Foto von <a href=\"https:\/\/unsplash.com\/de\/@frankiefoto?utm_content=creditCopyText&amp;utm_medium=referral&amp;utm_source=unsplash\" target=\"_blank\" rel=\"noopener\">frank mckenna<\/a> auf <a href=\"https:\/\/unsplash.com\/de\/fotos\/five-birds-flying-on-the-sea-OD9EOzfSOh0?utm_content=creditCopyText&amp;utm_medium=referral&amp;utm_source=unsplash\" target=\"_blank\" rel=\"noopener\">Unsplash<\/a>: Tasse und Glas mit Sonnenbrille auf dem Tisch<\/li>\n<li>Foto von <a href=\"https:\/\/unsplash.com\/de\/@scottwebb?utm_content=creditCopyText&amp;utm_medium=referral&amp;utm_source=unsplash\" target=\"_blank\" rel=\"noopener\">Scott Webb<\/a> auf <a href=\"https:\/\/unsplash.com\/de\/fotos\/kind-spielt-mit-getrockneten-blattern-obKbq4Z3cuA?utm_content=creditCopyText&amp;utm_medium=referral&amp;utm_source=unsplash\" target=\"_blank\" rel=\"noopener\">Unsplash<\/a>: Kind spielt mit Laub<\/li>\n<li>Foto von <a href=\"https:\/\/unsplash.com\/de\/@katiemoum?utm_content=creditCopyText&amp;utm_medium=referral&amp;utm_source=unsplash\" target=\"_blank\" rel=\"noopener\">Katie Moum<\/a> auf <a href=\"https:\/\/unsplash.com\/de\/fotos\/frau-in-schwarzer-jacke-mit-reissverschluss-die-sich-tagsuber-auf-einen-grossen-baumstamm-stutzt-2nOYe49Jz_s?utm_content=creditCopyText&amp;utm_medium=referral&amp;utm_source=unsplash\" target=\"_blank\" rel=\"noopener\">Unsplash<\/a>: Frau liegt auf einem Baumstamm<\/li>\n<li>Foto von <a href=\"https:\/\/unsplash.com\/de\/@jennachristina?utm_content=creditCopyText&amp;utm_medium=referral&amp;utm_source=unsplash\" target=\"_blank\" rel=\"noopener\">Jenna Christina<\/a> auf <a href=\"https:\/\/unsplash.com\/de\/fotos\/blau-weisses-kissen-auf-weissem-bett-rVRnrcifivM?utm_content=creditCopyText&amp;utm_medium=referral&amp;utm_source=unsplash\" target=\"_blank\" rel=\"noopener\">Unsplash<\/a>: Blau-wei\u00dfe Bettw\u00e4sche auf einem Bett<\/li>\n<li>Bild von <a href=\"https:\/\/pixabay.com\/de\/users\/nils_1977-9439903\/?utm_source=link-attribution&amp;utm_medium=referral&amp;utm_campaign=image&amp;utm_content=7672158\" target=\"_blank\" rel=\"noopener\">Nils<\/a> auf <a href=\"https:\/\/pixabay.com\/de\/\/?utm_source=link-attribution&amp;utm_medium=referral&amp;utm_campaign=image&amp;utm_content=7672158\" target=\"_blank\" rel=\"noopener\">Pixabay<\/a>: Winterabend in Cuxhaven<\/li>\n<li>Foto von <a href=\"https:\/\/unsplash.com\/de\/@itfeelslikefilm?utm_content=creditCopyText&amp;utm_medium=referral&amp;utm_source=unsplash\" target=\"_blank\" rel=\"noopener\">Janko Ferli\u010d<\/a> auf <a href=\"https:\/\/unsplash.com\/de\/fotos\/kleinkind-giesst-sich-wasser-ins-gesicht-MIUqc2mmdBA?utm_content=creditCopyText&amp;utm_medium=referral&amp;utm_source=unsplash\" target=\"_blank\" rel=\"noopener\">Unsplash<\/a>: Kleinkind steht im Meer und gie\u00dft sich Wasser ins Gesicht<\/li>\n<li><span>Foto von <a href=\"https:\/\/www.pexels.com\/de-de\/foto\/grillen-im-holzkohlegrill-533325\/\" target=\"_blank\" rel=\"noopener\">Pixabay<\/a>: Fleisch und Gem\u00fcse auf einem Grill<\/span><\/li>\n<li>Foto von <a href=\"https:\/\/unsplash.com\/de\/@justmejuliee?utm_content=creditCopyText&amp;utm_medium=referral&amp;utm_source=unsplash\" target=\"_blank\" rel=\"noopener\">Julia Taubitz<\/a> auf <a href=\"https:\/\/unsplash.com\/de\/fotos\/eine-gruppe-von-menschen-die-uber-einen-sandstrand-laufen-NPiy7d2Fm-I?utm_content=creditCopyText&amp;utm_medium=referral&amp;utm_source=unsplash\" target=\"_blank\" rel=\"noopener\">Unsplash<\/a>: Gruppe von Menschen die \u00fcber einen Strand laufen<\/li>\n<li>Foto von <a href=\"https:\/\/unsplash.com\/de\/@justmejuliee?utm_content=creditCopyText&amp;utm_medium=referral&amp;utm_source=unsplash\" target=\"_blank\" rel=\"noopener\">Julia Taubitz<\/a> auf <a href=\"https:\/\/unsplash.com\/de\/fotos\/eine-gruppe-von-menschen-die-uber-einen-sandstrand-laufen-NPiy7d2Fm-I?utm_content=creditCopyText&amp;utm_medium=referral&amp;utm_source=unsplash\" target=\"_blank\" rel=\"noopener\">Unsplash<\/a>: Drachen werden am Strand steigen gelassen<\/li>\n<li>Bild von <a href=\"https:\/\/pixabay.com\/de\/users\/webwertig-2701748\/?utm_source=link-attribution&amp;utm_medium=referral&amp;utm_campaign=image&amp;utm_content=2246194\" target=\"_blank\" rel=\"noopener\">WebWertig<\/a> auf <a href=\"https:\/\/pixabay.com\/de\/\/?utm_source=link-attribution&amp;utm_medium=referral&amp;utm_campaign=image&amp;utm_content=2246194\" target=\"_blank\" rel=\"noopener\">Pixabay<\/a>: Hermine Cuxhaven Schleusenspiel<\/li>\n<li><span>Foto von Pavel Danilyuk auf <a href=\"https:\/\/www.pexels.com\/de-de\/foto\/person-frau-spielen-sport-7429669\/\" target=\"_blank\" rel=\"noopener\">Pexels<\/a>: Frau beim Bowling<\/span><\/li>\n<li>Foto von <a href=\"https:\/\/unsplash.com\/de\/@elevatebeer?utm_content=creditCopyText&amp;utm_medium=referral&amp;utm_source=unsplash\" target=\"_blank\" rel=\"noopener\">Elevate<\/a> auf <a href=\"https:\/\/unsplash.com\/de\/fotos\/leute-die-einen-toast-trinken-snnhGYNqm44?utm_content=creditCopyText&amp;utm_medium=referral&amp;utm_source=unsplash\" target=\"_blank\" rel=\"noopener\">Unsplash<\/a>: Ansto\u00dfen im Biergarten mit Bier<\/li>\n<\/ul>\n<\/div><\/div><\/div><\/div><\/div><\/div><\/div><\/div><\/div><\/div><\/div><\/section>\n","protected":false},"excerpt":{"rendered":"Legal noticeDirk Br\u00fctt Ferienanlage Wattenl\u00f6per Cuxhavener Stra\u00dfe 57 27476 Cuxhaven Contact Phone: 0 47 21 \/ 42 60 51 Telefax: 0 47 21 42 60 52 E-mail: info@wattenloeper.de EU dispute resolution The European Commission provides a platform for online dispute resolution (ODR): https:\/\/ec.europa.eu\/consumers\/odr\/. Our e-mail address can be found above in the site notice. Dispute...","protected":false},"author":5,"featured_media":0,"parent":0,"menu_order":0,"comment_status":"closed","ping_status":"closed","template":"","meta":{"footnotes":""},"class_list":["post-1377","page","type-page","status-publish","hentry"],"_links":{"self":[{"href":"https:\/\/wattenloeper.de\/en\/wp-json\/wp\/v2\/pages\/1377","targetHints":{"allow":["GET"]}}],"collection":[{"href":"https:\/\/wattenloeper.de\/en\/wp-json\/wp\/v2\/pages"}],"about":[{"href":"https:\/\/wattenloeper.de\/en\/wp-json\/wp\/v2\/types\/page"}],"author":[{"embeddable":true,"href":"https:\/\/wattenloeper.de\/en\/wp-json\/wp\/v2\/users\/5"}],"replies":[{"embeddable":true,"href":"https:\/\/wattenloeper.de\/en\/wp-json\/wp\/v2\/comments?post=1377"}],"version-history":[{"count":0,"href":"https:\/\/wattenloeper.de\/en\/wp-json\/wp\/v2\/pages\/1377\/revisions"}],"wp:attachment":[{"href":"https:\/\/wattenloeper.de\/en\/wp-json\/wp\/v2\/media?parent=1377"}],"curies":[{"name":"wp","href":"https:\/\/api.w.org\/{rel}","templated":true}]}}